{"id":1662,"date":"2014-04-16T19:34:43","date_gmt":"2014-04-16T18:34:43","guid":{"rendered":"http:\/\/www.mysticpinesgolf.com\/?page_id=1662"},"modified":"2018-06-01T14:11:11","modified_gmt":"2018-06-01T13:11:11","slug":"le-terrain","status":"publish","type":"page","link":"https:\/\/www.mysticpinesgolf.com\/fr\/le-terrain\/","title":{"rendered":"Le parcours"},"content":{"rendered":"\n<style type=\"text\/css\" data-created_by=\"avia_inline_auto\" id=\"style-css-av-6syepa-55edfbdc07c01d519393d8558737bd64\">\n.flex_column.av-6syepa-55edfbdc07c01d519393d8558737bd64{\nborder-radius:0px 0px 0px 0px;\npadding:0px 0px 0px 0px;\n}\n<\/style>\n<div  class='flex_column av-6syepa-55edfbdc07c01d519393d8558737bd64 av_one_fourth  avia-builder-el-0  el_before_av_one_fourth  avia-builder-el-first  first flex_column_div av-zero-column-padding  '     ><section  class='av_textblock_section av-jhvye2kz-15fc2d8c9603d951d5365e0c4da19ef9 '   itemscope=\"itemscope\" itemtype=\"https:\/\/schema.org\/CreativeWork\" ><div class='avia_textblock'  itemprop=\"text\" ><p><img loading=\"lazy\" decoding=\"async\" class=\"alignnone size-medium wp-image-2713\" src=\"https:\/\/www.mysticpinesgolf.com\/wp-content\/uploads\/IMG_20180527_083929-225x300.jpg\" alt=\"\" width=\"225\" height=\"300\" srcset=\"https:\/\/www.mysticpinesgolf.com\/wp-content\/uploads\/IMG_20180527_083929-225x300.jpg 225w, https:\/\/www.mysticpinesgolf.com\/wp-content\/uploads\/IMG_20180527_083929-768x1024.jpg 768w, https:\/\/www.mysticpinesgolf.com\/wp-content\/uploads\/IMG_20180527_083929-773x1030.jpg 773w, https:\/\/www.mysticpinesgolf.com\/wp-content\/uploads\/IMG_20180527_083929-1125x1500.jpg 1125w, https:\/\/www.mysticpinesgolf.com\/wp-content\/uploads\/IMG_20180527_083929-529x705.jpg 529w, https:\/\/www.mysticpinesgolf.com\/wp-content\/uploads\/IMG_20180527_083929-450x600.jpg 450w, https:\/\/www.mysticpinesgolf.com\/wp-content\/uploads\/IMG_20180527_083929.jpg 1536w\" sizes=\"auto, (max-width: 225px) 100vw, 225px\" \/><\/p>\n<\/div><\/section><\/div>\n\n<style type=\"text\/css\" data-created_by=\"avia_inline_auto\" id=\"style-css-av-6syepa-09edcaf85d8da74ec504821943e994e7\">\n.flex_column.av-6syepa-09edcaf85d8da74ec504821943e994e7{\nborder-radius:0px 0px 0px 0px;\npadding:0px 0px 0px 0px;\n}\n<\/style>\n<div  class='flex_column av-6syepa-09edcaf85d8da74ec504821943e994e7 av_one_fourth  avia-builder-el-2  el_after_av_one_fourth  el_before_av_one_fourth  flex_column_div av-zero-column-padding  '     ><section  class='av_textblock_section av-jhvye2kz-15fc2d8c9603d951d5365e0c4da19ef9 '   itemscope=\"itemscope\" itemtype=\"https:\/\/schema.org\/CreativeWork\" ><div class='avia_textblock'  itemprop=\"text\" ><p><img loading=\"lazy\" decoding=\"async\" class=\"alignnone size-medium wp-image-2715\" src=\"https:\/\/www.mysticpinesgolf.com\/wp-content\/uploads\/IMG_20180527_081937-225x300.jpg\" alt=\"\" width=\"225\" height=\"300\" srcset=\"https:\/\/www.mysticpinesgolf.com\/wp-content\/uploads\/IMG_20180527_081937-225x300.jpg 225w, https:\/\/www.mysticpinesgolf.com\/wp-content\/uploads\/IMG_20180527_081937-768x1024.jpg 768w, https:\/\/www.mysticpinesgolf.com\/wp-content\/uploads\/IMG_20180527_081937-773x1030.jpg 773w, https:\/\/www.mysticpinesgolf.com\/wp-content\/uploads\/IMG_20180527_081937-1125x1500.jpg 1125w, https:\/\/www.mysticpinesgolf.com\/wp-content\/uploads\/IMG_20180527_081937-529x705.jpg 529w, https:\/\/www.mysticpinesgolf.com\/wp-content\/uploads\/IMG_20180527_081937-450x600.jpg 450w, https:\/\/www.mysticpinesgolf.com\/wp-content\/uploads\/IMG_20180527_081937.jpg 1536w\" sizes=\"auto, (max-width: 225px) 100vw, 225px\" \/><\/p>\n<\/div><\/section><\/div>\n<style type=\"text\/css\" data-created_by=\"avia_inline_auto\" id=\"style-css-av-5kc6mm-ba61ce043532530e443137997916a3ad\">\n.flex_column.av-5kc6mm-ba61ce043532530e443137997916a3ad{\nborder-radius:0px 0px 0px 0px;\npadding:0px 0px 0px 0px;\n}\n<\/style>\n<div  class='flex_column av-5kc6mm-ba61ce043532530e443137997916a3ad av_one_fourth  avia-builder-el-4  el_after_av_one_fourth  el_before_av_one_fourth  flex_column_div av-zero-column-padding  '     ><section  class='av_textblock_section av-jhvyiarw-4b3337786fd44d4e98af7b40e63a4c65 '   itemscope=\"itemscope\" itemtype=\"https:\/\/schema.org\/CreativeWork\" ><div class='avia_textblock'  itemprop=\"text\" ><p><img loading=\"lazy\" decoding=\"async\" class=\"alignnone size-medium wp-image-2699\" src=\"https:\/\/www.mysticpinesgolf.com\/wp-content\/uploads\/IMG_20180527_080920-225x300.jpg\" alt=\"\" width=\"225\" height=\"300\" srcset=\"https:\/\/www.mysticpinesgolf.com\/wp-content\/uploads\/IMG_20180527_080920-225x300.jpg 225w, https:\/\/www.mysticpinesgolf.com\/wp-content\/uploads\/IMG_20180527_080920-768x1024.jpg 768w, https:\/\/www.mysticpinesgolf.com\/wp-content\/uploads\/IMG_20180527_080920-773x1030.jpg 773w, https:\/\/www.mysticpinesgolf.com\/wp-content\/uploads\/IMG_20180527_080920-1125x1500.jpg 1125w, https:\/\/www.mysticpinesgolf.com\/wp-content\/uploads\/IMG_20180527_080920-529x705.jpg 529w, https:\/\/www.mysticpinesgolf.com\/wp-content\/uploads\/IMG_20180527_080920-450x600.jpg 450w, https:\/\/www.mysticpinesgolf.com\/wp-content\/uploads\/IMG_20180527_080920.jpg 1536w\" sizes=\"auto, (max-width: 225px) 100vw, 225px\" \/><\/p>\n<\/div><\/section><\/div><\/p>\n\n<style type=\"text\/css\" data-created_by=\"avia_inline_auto\" id=\"style-css-av-3two4u-26bf667aafebecef9e9501f62d82c28c\">\n.flex_column.av-3two4u-26bf667aafebecef9e9501f62d82c28c{\nborder-radius:0px 0px 0px 0px;\npadding:0px 0px 0px 0px;\n}\n<\/style>\n<div  class='flex_column av-3two4u-26bf667aafebecef9e9501f62d82c28c av_one_fourth  avia-builder-el-6  el_after_av_one_fourth  el_before_av_textblock  flex_column_div av-zero-column-padding  '     ><section  class='av_textblock_section av-jhvyiyiq-3f9c07f94ee03aadbe61fe59d74df1b2 '   itemscope=\"itemscope\" itemtype=\"https:\/\/schema.org\/CreativeWork\" ><div class='avia_textblock'  itemprop=\"text\" ><p><img loading=\"lazy\" decoding=\"async\" class=\"alignnone size-medium wp-image-2691\" src=\"https:\/\/www.mysticpinesgolf.com\/wp-content\/uploads\/IMG_20180527_084141-225x300.jpg\" alt=\"\" width=\"225\" height=\"300\" srcset=\"https:\/\/www.mysticpinesgolf.com\/wp-content\/uploads\/IMG_20180527_084141-225x300.jpg 225w, https:\/\/www.mysticpinesgolf.com\/wp-content\/uploads\/IMG_20180527_084141-768x1024.jpg 768w, https:\/\/www.mysticpinesgolf.com\/wp-content\/uploads\/IMG_20180527_084141-773x1030.jpg 773w, https:\/\/www.mysticpinesgolf.com\/wp-content\/uploads\/IMG_20180527_084141-1125x1500.jpg 1125w, https:\/\/www.mysticpinesgolf.com\/wp-content\/uploads\/IMG_20180527_084141-529x705.jpg 529w, https:\/\/www.mysticpinesgolf.com\/wp-content\/uploads\/IMG_20180527_084141-450x600.jpg 450w, https:\/\/www.mysticpinesgolf.com\/wp-content\/uploads\/IMG_20180527_084141.jpg 1536w\" sizes=\"auto, (max-width: 225px) 100vw, 225px\" \/><\/p>\n<\/div><\/section><\/div><section  class='av_textblock_section av-jhvyt3yb-68aa472d54f6a41e9286861b9600a66c '   itemscope=\"itemscope\" itemtype=\"https:\/\/schema.org\/CreativeWork\" ><div class='avia_textblock'  itemprop=\"text\" ><p><span lang=\"fr\">Mystic Pines Golf &amp; Country Club, un 9-trous par 36, est un des terrains les plus spectaculaires de la rive sud! Con\u00e7u par Graham Cooke, le parcours comporte de nombreuses f\u00e9tuques recouvertes d\u2019herbes courb\u00e9es, de grands arbres, d\u2019une v\u00e9g\u00e9tation luxuriante, d\u2019une pelouse et de lacs. L<\/span>e paysage du terrain rappelle celui de Myrtle Beach: id\u00e9al pour d\u00e9connecter de la vie active du centre des affaires de Montr\u00e9al.<\/p>\n<div class=\"infobox2\">\n<h3 class=\"m_title\">Jouer \u00e0 Mystic Pines c\u2019est&#8230;<\/h3>\n<\/div>\n<ul>\n<li>B\u00e9n\u00e9ficier d\u2019un champ de pratique sur gazon et de deux verts de pratique.<\/li>\n<li>\u00a0Un trou #8, normale 4, dune longueur de 460 verges bord\u00e9es d\u2019un lac et de de pins majestueux. Ce trou peut \u00eatre consid\u00e9r\u00e9 comme le trou signature du parcours, digne des parcours professionnels.<\/li>\n<li>Un 4i\u00e8me trou des plus spectaculaire: les joueurs sur le tertre de d\u00e9part le plus recul\u00e9, doivent frapper leur coup au dessus d\u2019une cl\u00f4ture en bois et de la route d\u2019acc\u00e8s. Un driver est recommand\u00e9 pour ce coup n\u00e9cessitant adresse et distance sur ce trou d\u2019une longueur de 510 verges.<\/li>\n<li>Avec un peu de chance, observer des renards, chevreuils, dindes sauvages et des aigles sur le terrain.<\/li>\n<li>Une qualit\u00e9 de gazon exceptionnelle, entretenue par une \u00e9quipe de maintenance tr\u00e8s exp\u00e9riment\u00e9e.<\/li>\n<\/ul>\n<\/div><\/section><\/p>\n\n<style type=\"text\/css\" data-created_by=\"avia_inline_auto\" id=\"style-css-av-av_one_fourth-1df1b63c6c045939f2dc1aefbdd8e7ad\">\n.flex_column.av-av_one_fourth-1df1b63c6c045939f2dc1aefbdd8e7ad{\nborder-radius:0px 0px 0px 0px;\npadding:0px 0px 0px 0px;\n}\n<\/style>\n<div  class='flex_column av-av_one_fourth-1df1b63c6c045939f2dc1aefbdd8e7ad av_one_fourth  avia-builder-el-9  el_after_av_textblock  el_before_av_one_fourth  first flex_column_div av-zero-column-padding  column-top-margin'     ><section  class='av_textblock_section av-jhvziprc-4f77d66281076bfdd533b6ee2674dbed '   itemscope=\"itemscope\" itemtype=\"https:\/\/schema.org\/CreativeWork\" ><div class='avia_textblock'  itemprop=\"text\" ><p><img loading=\"lazy\" decoding=\"async\" class=\"alignnone size-medium wp-image-2693\" src=\"https:\/\/www.mysticpinesgolf.com\/wp-content\/uploads\/IMG_20180527_082633-225x300.jpg\" alt=\"\" width=\"225\" height=\"300\" srcset=\"https:\/\/www.mysticpinesgolf.com\/wp-content\/uploads\/IMG_20180527_082633-225x300.jpg 225w, https:\/\/www.mysticpinesgolf.com\/wp-content\/uploads\/IMG_20180527_082633-768x1024.jpg 768w, https:\/\/www.mysticpinesgolf.com\/wp-content\/uploads\/IMG_20180527_082633-773x1030.jpg 773w, https:\/\/www.mysticpinesgolf.com\/wp-content\/uploads\/IMG_20180527_082633-1125x1500.jpg 1125w, https:\/\/www.mysticpinesgolf.com\/wp-content\/uploads\/IMG_20180527_082633-529x705.jpg 529w, https:\/\/www.mysticpinesgolf.com\/wp-content\/uploads\/IMG_20180527_082633-450x600.jpg 450w, https:\/\/www.mysticpinesgolf.com\/wp-content\/uploads\/IMG_20180527_082633.jpg 1536w\" sizes=\"auto, (max-width: 225px) 100vw, 225px\" \/><\/p>\n<\/div><\/section><\/div>\n<style type=\"text\/css\" data-created_by=\"avia_inline_auto\" id=\"style-css-av-av_one_fourth-862f0c8b97abc46405e90743a1c7ee0e\">\n.flex_column.av-av_one_fourth-862f0c8b97abc46405e90743a1c7ee0e{\nborder-radius:0px 0px 0px 0px;\npadding:0px 0px 0px 0px;\n}\n<\/style>\n<div  class='flex_column av-av_one_fourth-862f0c8b97abc46405e90743a1c7ee0e av_one_fourth  avia-builder-el-11  el_after_av_one_fourth  el_before_av_one_fourth  flex_column_div av-zero-column-padding  column-top-margin'     ><section  class='av_textblock_section av-jhvzj4dl-8c08fea59ed584d1066774b7d14c9a58 '   itemscope=\"itemscope\" itemtype=\"https:\/\/schema.org\/CreativeWork\" ><div class='avia_textblock'  itemprop=\"text\" ><p><img loading=\"lazy\" decoding=\"async\" class=\"alignnone size-medium wp-image-2697\" src=\"https:\/\/www.mysticpinesgolf.com\/wp-content\/uploads\/IMG_20180527_082411-225x300.jpg\" alt=\"\" width=\"225\" height=\"300\" srcset=\"https:\/\/www.mysticpinesgolf.com\/wp-content\/uploads\/IMG_20180527_082411-225x300.jpg 225w, https:\/\/www.mysticpinesgolf.com\/wp-content\/uploads\/IMG_20180527_082411-768x1024.jpg 768w, https:\/\/www.mysticpinesgolf.com\/wp-content\/uploads\/IMG_20180527_082411-773x1030.jpg 773w, https:\/\/www.mysticpinesgolf.com\/wp-content\/uploads\/IMG_20180527_082411-1125x1500.jpg 1125w, https:\/\/www.mysticpinesgolf.com\/wp-content\/uploads\/IMG_20180527_082411-529x705.jpg 529w, https:\/\/www.mysticpinesgolf.com\/wp-content\/uploads\/IMG_20180527_082411-450x600.jpg 450w, https:\/\/www.mysticpinesgolf.com\/wp-content\/uploads\/IMG_20180527_082411.jpg 1536w\" sizes=\"auto, (max-width: 225px) 100vw, 225px\" \/><\/p>\n<\/div><\/section><\/div>\n<style type=\"text\/css\" data-created_by=\"avia_inline_auto\" id=\"style-css-av-av_one_fourth-862f0c8b97abc46405e90743a1c7ee0e\">\n.flex_column.av-av_one_fourth-862f0c8b97abc46405e90743a1c7ee0e{\nborder-radius:0px 0px 0px 0px;\npadding:0px 0px 0px 0px;\n}\n<\/style>\n<div  class='flex_column av-av_one_fourth-862f0c8b97abc46405e90743a1c7ee0e av_one_fourth  avia-builder-el-13  el_after_av_one_fourth  el_before_av_one_fourth  flex_column_div av-zero-column-padding  column-top-margin'     ><section  class='av_textblock_section av-jhvzjhi4-e12f9cb0457714c508c057e16b144f00 '   itemscope=\"itemscope\" itemtype=\"https:\/\/schema.org\/CreativeWork\" ><div class='avia_textblock'  itemprop=\"text\" ><p><img loading=\"lazy\" decoding=\"async\" class=\"alignnone size-medium wp-image-2703\" src=\"https:\/\/www.mysticpinesgolf.com\/wp-content\/uploads\/IMG_20180527_081317-EFFECTS-225x300.jpg\" alt=\"\" width=\"225\" height=\"300\" srcset=\"https:\/\/www.mysticpinesgolf.com\/wp-content\/uploads\/IMG_20180527_081317-EFFECTS-225x300.jpg 225w, https:\/\/www.mysticpinesgolf.com\/wp-content\/uploads\/IMG_20180527_081317-EFFECTS-768x1024.jpg 768w, https:\/\/www.mysticpinesgolf.com\/wp-content\/uploads\/IMG_20180527_081317-EFFECTS-773x1030.jpg 773w, https:\/\/www.mysticpinesgolf.com\/wp-content\/uploads\/IMG_20180527_081317-EFFECTS-1125x1500.jpg 1125w, https:\/\/www.mysticpinesgolf.com\/wp-content\/uploads\/IMG_20180527_081317-EFFECTS-529x705.jpg 529w, https:\/\/www.mysticpinesgolf.com\/wp-content\/uploads\/IMG_20180527_081317-EFFECTS-450x600.jpg 450w, https:\/\/www.mysticpinesgolf.com\/wp-content\/uploads\/IMG_20180527_081317-EFFECTS.jpg 1536w\" sizes=\"auto, (max-width: 225px) 100vw, 225px\" \/><\/p>\n<\/div><\/section><\/div>\n<style type=\"text\/css\" data-created_by=\"avia_inline_auto\" id=\"style-css-av-av_one_fourth-862f0c8b97abc46405e90743a1c7ee0e\">\n.flex_column.av-av_one_fourth-862f0c8b97abc46405e90743a1c7ee0e{\nborder-radius:0px 0px 0px 0px;\npadding:0px 0px 0px 0px;\n}\n<\/style>\n<div  class='flex_column av-av_one_fourth-862f0c8b97abc46405e90743a1c7ee0e av_one_fourth  avia-builder-el-15  el_after_av_one_fourth  avia-builder-el-last  flex_column_div av-zero-column-padding  column-top-margin'     ><section  class='av_textblock_section av-jhvzjz3h-3f3389a1a37a9f005d336acef9b17b7e '   itemscope=\"itemscope\" itemtype=\"https:\/\/schema.org\/CreativeWork\" ><div class='avia_textblock'  itemprop=\"text\" ><p><img loading=\"lazy\" decoding=\"async\" class=\"alignnone size-medium wp-image-2707\" src=\"https:\/\/www.mysticpinesgolf.com\/wp-content\/uploads\/IMG_20180527_081432-225x300.jpg\" alt=\"\" width=\"225\" height=\"300\" srcset=\"https:\/\/www.mysticpinesgolf.com\/wp-content\/uploads\/IMG_20180527_081432-225x300.jpg 225w, https:\/\/www.mysticpinesgolf.com\/wp-content\/uploads\/IMG_20180527_081432-768x1024.jpg 768w, https:\/\/www.mysticpinesgolf.com\/wp-content\/uploads\/IMG_20180527_081432-773x1030.jpg 773w, https:\/\/www.mysticpinesgolf.com\/wp-content\/uploads\/IMG_20180527_081432-1125x1500.jpg 1125w, https:\/\/www.mysticpinesgolf.com\/wp-content\/uploads\/IMG_20180527_081432-529x705.jpg 529w, https:\/\/www.mysticpinesgolf.com\/wp-content\/uploads\/IMG_20180527_081432-450x600.jpg 450w, https:\/\/www.mysticpinesgolf.com\/wp-content\/uploads\/IMG_20180527_081432.jpg 1536w\" sizes=\"auto, (max-width: 225px) 100vw, 225px\" \/><\/p>\n<\/div><\/section><\/div><\/p>\n","protected":false},"excerpt":{"rendered":"","protected":false},"author":2,"featured_media":0,"parent":0,"menu_order":0,"comment_status":"open","ping_status":"open","template":"","meta":{"footnotes":""},"class_list":["post-1662","page","type-page","status-publish","hentry"],"_links":{"self":[{"href":"https:\/\/www.mysticpinesgolf.com\/fr\/wp-json\/wp\/v2\/pages\/1662\/"}],"collection":[{"href":"https:\/\/www.mysticpinesgolf.com\/fr\/wp-json\/wp\/v2\/pages\/"}],"about":[{"href":"https:\/\/www.mysticpinesgolf.com\/fr\/wp-json\/wp\/v2\/types\/page\/"}],"author":[{"embeddable":true,"href":"https:\/\/www.mysticpinesgolf.com\/fr\/wp-json\/wp\/v2\/users\/2\/"}],"replies":[{"embeddable":true,"href":"https:\/\/www.mysticpinesgolf.com\/fr\/wp-json\/wp\/v2\/comments\/?post=1662"}],"version-history":[{"count":7,"href":"https:\/\/www.mysticpinesgolf.com\/fr\/wp-json\/wp\/v2\/pages\/1662\/revisions\/"}],"predecessor-version":[{"id":2723,"href":"https:\/\/www.mysticpinesgolf.com\/fr\/wp-json\/wp\/v2\/pages\/1662\/revisions\/2723\/"}],"wp:attachment":[{"href":"https:\/\/www.mysticpinesgolf.com\/fr\/wp-json\/wp\/v2\/media\/?parent=1662"}],"curies":[{"name":"wp","href":"https:\/\/api.w.org\/{rel}","templated":true}]}}