{"id":1672,"date":"2014-04-16T19:44:47","date_gmt":"2014-04-16T18:44:47","guid":{"rendered":"http:\/\/www.mysticpinesgolf.com\/?page_id=1672"},"modified":"2023-04-11T19:09:37","modified_gmt":"2023-04-11T18:09:37","slug":"leagues-tournois","status":"publish","type":"page","link":"https:\/\/www.mysticpinesgolf.com\/fr\/leagues-tournois\/","title":{"rendered":"Ligues &#038; tournois"},"content":{"rendered":"<div class=\"infobox2\">\n<p><span lang=\"fr\">Voulez-vous former une ligue de golf, peut-\u00eatre organiser un tournoi ou m\u00eame un \u00e9v\u00e9nement en formule Vegas? (72 joueurs minimum) Pourquoi attendre quand vous pouvez r\u00e9server aujourd&rsquo;hui! Vene<\/span><span lang=\"fr\">z relever le d\u00e9fi avec notre parcours de championnat de 9 trous par 36. R\u00e9servez pour un \u00e9v\u00e9nement familial, une journ\u00e9e entre coll\u00e8gues ou entre amis ayant un esprit comp\u00e9titif. Contactez-nous pour discuter de vos options d\u00e8s aujourd&rsquo;hui! Laissez-nous vous aider \u00e0 planifier votre \u00e9v\u00e9nement sp\u00e9cial.<\/span><\/p>\n<p class=\"tw-data-text tw-ta tw-text-small\" dir=\"ltr\" data-placeholder=\"Traduction\"><span lang=\"fr\">N&rsquo;h\u00e9sitez pas \u00e0 nous contacter \u00e0 <a href=\"mailto:info@mysticpinesgolf.com\">info@mysticpinesgolf.com<\/a> ou au proshop 514-817-7849 pour en savoir plus sur nos tarifs sp\u00e9ciaux pour la ligue et le tournoi!<\/span><\/p>\n<\/div>\n","protected":false},"excerpt":{"rendered":"<p>Voulez-vous former une ligue de golf, peut-\u00eatre organiser un tournoi ou m\u00eame un \u00e9v\u00e9nement en formule Vegas? (72 joueurs minimum) Pourquoi attendre quand vous pouvez r\u00e9server aujourd&rsquo;hui! Venez relever le d\u00e9fi avec notre parcours de championnat de 9 trous par 36. R\u00e9servez pour un \u00e9v\u00e9nement familial, une journ\u00e9e entre coll\u00e8gues ou entre amis ayant un [&hellip;]<\/p>\n","protected":false},"author":2,"featured_media":0,"parent":0,"menu_order":0,"comment_status":"closed","ping_status":"open","template":"","meta":{"footnotes":""},"class_list":["post-1672","page","type-page","status-publish","hentry"],"_links":{"self":[{"href":"https:\/\/www.mysticpinesgolf.com\/fr\/wp-json\/wp\/v2\/pages\/1672\/"}],"collection":[{"href":"https:\/\/www.mysticpinesgolf.com\/fr\/wp-json\/wp\/v2\/pages\/"}],"about":[{"href":"https:\/\/www.mysticpinesgolf.com\/fr\/wp-json\/wp\/v2\/types\/page\/"}],"author":[{"embeddable":true,"href":"https:\/\/www.mysticpinesgolf.com\/fr\/wp-json\/wp\/v2\/users\/2\/"}],"replies":[{"embeddable":true,"href":"https:\/\/www.mysticpinesgolf.com\/fr\/wp-json\/wp\/v2\/comments\/?post=1672"}],"version-history":[{"count":5,"href":"https:\/\/www.mysticpinesgolf.com\/fr\/wp-json\/wp\/v2\/pages\/1672\/revisions\/"}],"predecessor-version":[{"id":3330,"href":"https:\/\/www.mysticpinesgolf.com\/fr\/wp-json\/wp\/v2\/pages\/1672\/revisions\/3330\/"}],"wp:attachment":[{"href":"https:\/\/www.mysticpinesgolf.com\/fr\/wp-json\/wp\/v2\/media\/?parent=1672"}],"curies":[{"name":"wp","href":"https:\/\/api.w.org\/{rel}","templated":true}]}}