{"id":2450,"date":"2018-03-14T22:27:10","date_gmt":"2018-03-14T21:27:10","guid":{"rendered":"https:\/\/www.mysticpinesgolf.com\/clubhouse\/"},"modified":"2018-07-25T22:24:13","modified_gmt":"2018-07-25T21:24:13","slug":"clubhouse","status":"publish","type":"page","link":"https:\/\/www.mysticpinesgolf.com\/fr\/clubhouse\/","title":{"rendered":"Clubhouse"},"content":{"rendered":"<div id='av_section_1'  class='avia-section av-3wgun6-6bb81b778fea9fffac1b868e9f979c54 main_color avia-section-default avia-no-shadow  avia-builder-el-0  el_before_av_one_full  avia-builder-el-first  avia-bg-style-scroll container_wrap sidebar_right'  ><div class='container av-section-cont-open' ><main  role=\"main\" itemprop=\"mainContentOfPage\"  class='template-page content  av-content-small alpha units'><div class='post-entry post-entry-type-page post-entry-2450'><div class='entry-content-wrapper clearfix'>\n\n<style type=\"text\/css\" data-created_by=\"avia_inline_auto\" id=\"style-css-av-2inaqq-3a42ed255760b3695833e89569040636\">\n.flex_column.av-2inaqq-3a42ed255760b3695833e89569040636{\nborder-radius:0px 0px 0px 0px;\npadding:0px 0px 0px 0px;\n}\n<\/style>\n<div  class='flex_column av-2inaqq-3a42ed255760b3695833e89569040636 av_one_full  avia-builder-el-1  avia-builder-el-no-sibling  first flex_column_div av-zero-column-padding  '     ><section  class='av_textblock_section av-jk1hniby-8272a9c976ce32800ab8573bb97e4bb3 '   itemscope=\"itemscope\" itemtype=\"https:\/\/schema.org\/CreativeWork\" ><div class='avia_textblock'  itemprop=\"text\" ><p>Nous sommes heureux de pouvoir vous accueillir dans notre nouveau Club House!<\/p>\n<p>Les mat\u00e9riaux utilis\u00e9s comme le bois sont d&rsquo;une qualit\u00e9 \u00e0 couper le souffle. Le tout jumel\u00e9 au savoir faire de la communaut\u00e9 Mohawk a pour but de donner un r\u00e9sultat des plus spectaculaire.<\/p>\n<p>Les installations ont \u00e9t\u00e9 pens\u00e9 pour le bien-\u00eatre de tous, membres et joueurs publiques.<\/p>\n<p>La qualit\u00e9 de notre chalet est en symbiose avec la qualit\u00e9 de notre parcours et avec la qualit\u00e9 des plats de notre tout nouveau restaurant.<\/p>\n<p>Venez nous rendre visite afin d&rsquo;en profitez vous aussi!<\/p>\n<\/div><\/section><\/div><\/div><\/div><\/main><!-- close content main element --><\/div><\/div><div id='after_section_1'  class='main_color av_default_container_wrap container_wrap sidebar_right'  ><div class='container av-section-cont-open' ><div class='template-page content  av-content-small alpha units'><div class='post-entry post-entry-type-page post-entry-2450'><div class='entry-content-wrapper clearfix'>\n<style type=\"text\/css\" data-created_by=\"avia_inline_auto\" id=\"style-css-av-1usvyq-60b085a9ba1d442ebaca14b7f7d26c39\">\n.flex_column.av-1usvyq-60b085a9ba1d442ebaca14b7f7d26c39{\nborder-radius:0px 0px 0px 0px;\npadding:0px 0px 0px 0px;\n}\n<\/style>\n<div  class='flex_column av-1usvyq-60b085a9ba1d442ebaca14b7f7d26c39 av_one_full  avia-builder-el-3  el_after_av_section  avia-builder-el-no-sibling  first flex_column_div av-zero-column-padding  '     ><div id='av-masonry-1' class='av-masonry av-jk1levgj-dda1651241791f66cc09800de3f037c7 noHover av-fixed-size av-large-gap av-hover-overlay-active av-masonry-animation-active av-masonry-col-flexible av-caption-always av-caption-style- av-masonry-gallery ' data-post_id=\"2450\"><div class=\"av-masonry-container isotope av-js-disabled\"><div class='av-masonry-entry isotope-item av-masonry-item-no-image '><\/div><a href=\"https:\/\/www.mysticpinesgolf.com\/wp-content\/uploads\/IMG_20180523_204918-EFFECTS-1030x773.jpg\"  aria-label=\"image IMG_20180523_204918-EFFECTS\"  id='av-masonry-1-item-2695' data-av-masonry-item='2695' class='av-masonry-entry isotope-item post-2695 attachment type-attachment status-inherit hentry  av-masonry-item-with-image av-grid-img' title=\"IMG_20180523_204918-EFFECTS\" alt=\"\"    itemprop=\"thumbnailUrl\" ><div class='av-inner-masonry-sizer'><\/div><figure class='av-inner-masonry main_color'><div class=\"av-masonry-outerimage-container\"><div class='av-masonry-image-container' style=\"background-image: url(https:\/\/www.mysticpinesgolf.com\/wp-content\/uploads\/IMG_20180523_204918-EFFECTS-705x529.jpg);\"  title=\"IMG_20180523_204918-EFFECTS\" ><\/div><\/div><\/figure><\/a><!--end av-masonry entry--><a href=\"https:\/\/www.mysticpinesgolf.com\/wp-content\/uploads\/newproshop-1030x773.jpg\"  aria-label=\"image newproshop\"  id='av-masonry-1-item-2936' data-av-masonry-item='2936' class='av-masonry-entry isotope-item post-2936 attachment type-attachment status-inherit hentry  av-masonry-item-with-image av-grid-img' title=\"newproshop\" alt=\"\"    itemprop=\"thumbnailUrl\" ><div class='av-inner-masonry-sizer'><\/div><figure class='av-inner-masonry main_color'><div class=\"av-masonry-outerimage-container\"><div class='av-masonry-image-container' style=\"background-image: url(https:\/\/www.mysticpinesgolf.com\/wp-content\/uploads\/newproshop-705x529.jpg);\"  title=\"newproshop\" ><\/div><\/div><\/figure><\/a><!--end av-masonry entry--><a href=\"https:\/\/www.mysticpinesgolf.com\/wp-content\/uploads\/IMG_20180725_153414-1030x773.jpg\"  aria-label=\"image IMG_20180725_153414\"  id='av-masonry-1-item-2918' data-av-masonry-item='2918' class='av-masonry-entry isotope-item post-2918 attachment type-attachment status-inherit hentry  av-masonry-item-with-image av-grid-img' title=\"IMG_20180725_153414\" alt=\"\"    itemprop=\"thumbnailUrl\" ><div class='av-inner-masonry-sizer'><\/div><figure class='av-inner-masonry main_color'><div class=\"av-masonry-outerimage-container\"><div class='av-masonry-image-container' style=\"background-image: url(https:\/\/www.mysticpinesgolf.com\/wp-content\/uploads\/IMG_20180725_153414-705x529.jpg);\"  title=\"IMG_20180725_153414\" ><\/div><\/div><\/figure><\/a><!--end av-masonry entry--><a href=\"https:\/\/www.mysticpinesgolf.com\/wp-content\/uploads\/IMG_20180725_153400-1030x773.jpg\"  aria-label=\"image IMG_20180725_153400\"  id='av-masonry-1-item-2920' data-av-masonry-item='2920' class='av-masonry-entry isotope-item post-2920 attachment type-attachment status-inherit hentry  av-masonry-item-with-image av-grid-img' title=\"IMG_20180725_153400\" alt=\"\"    itemprop=\"thumbnailUrl\" ><div class='av-inner-masonry-sizer'><\/div><figure class='av-inner-masonry main_color'><div class=\"av-masonry-outerimage-container\"><div class='av-masonry-image-container' style=\"background-image: url(https:\/\/www.mysticpinesgolf.com\/wp-content\/uploads\/IMG_20180725_153400-705x529.jpg);\"  title=\"IMG_20180725_153400\" ><\/div><\/div><\/figure><\/a><!--end av-masonry entry--><a href=\"https:\/\/www.mysticpinesgolf.com\/wp-content\/uploads\/IMG_20180725_153322-1030x773.jpg\"  aria-label=\"image IMG_20180725_153322\"  id='av-masonry-1-item-2926' data-av-masonry-item='2926' class='av-masonry-entry isotope-item post-2926 attachment type-attachment status-inherit hentry  av-masonry-item-with-image av-grid-img' title=\"IMG_20180725_153322\" alt=\"\"    itemprop=\"thumbnailUrl\" ><div class='av-inner-masonry-sizer'><\/div><figure class='av-inner-masonry main_color'><div class=\"av-masonry-outerimage-container\"><div class='av-masonry-image-container' style=\"background-image: url(https:\/\/www.mysticpinesgolf.com\/wp-content\/uploads\/IMG_20180725_153322-705x529.jpg);\"  title=\"IMG_20180725_153322\" ><\/div><\/div><\/figure><\/a><!--end av-masonry entry--><a href=\"https:\/\/www.mysticpinesgolf.com\/wp-content\/uploads\/IMG_20180725_153348-773x1030.jpg\"  aria-label=\"image IMG_20180725_153348\"  id='av-masonry-1-item-2922' data-av-masonry-item='2922' class='av-masonry-entry isotope-item post-2922 attachment type-attachment status-inherit hentry  av-masonry-item-with-image av-grid-img' title=\"IMG_20180725_153348\" alt=\"\"    itemprop=\"thumbnailUrl\" ><div class='av-inner-masonry-sizer'><\/div><figure class='av-inner-masonry main_color'><div class=\"av-masonry-outerimage-container\"><div class='av-masonry-image-container' style=\"background-image: url(https:\/\/www.mysticpinesgolf.com\/wp-content\/uploads\/IMG_20180725_153348-529x705.jpg);\"  title=\"IMG_20180725_153348\" ><\/div><\/div><\/figure><\/a><!--end av-masonry entry--><a href=\"https:\/\/www.mysticpinesgolf.com\/wp-content\/uploads\/IMG_20180725_153334-1030x773.jpg\"  aria-label=\"image IMG_20180725_153334\"  id='av-masonry-1-item-2924' data-av-masonry-item='2924' class='av-masonry-entry isotope-item post-2924 attachment type-attachment status-inherit hentry  av-masonry-item-with-image av-grid-img' title=\"IMG_20180725_153334\" alt=\"\"    itemprop=\"thumbnailUrl\" ><div class='av-inner-masonry-sizer'><\/div><figure class='av-inner-masonry main_color'><div class=\"av-masonry-outerimage-container\"><div class='av-masonry-image-container' style=\"background-image: url(https:\/\/www.mysticpinesgolf.com\/wp-content\/uploads\/IMG_20180725_153334-705x529.jpg);\"  title=\"IMG_20180725_153334\" ><\/div><\/div><\/figure><\/a><!--end av-masonry entry--><a href=\"https:\/\/www.mysticpinesgolf.com\/wp-content\/uploads\/IMG_20180725_153244-773x1030.jpg\"  aria-label=\"image IMG_20180725_153244\"  id='av-masonry-1-item-2932' data-av-masonry-item='2932' class='av-masonry-entry isotope-item post-2932 attachment type-attachment status-inherit hentry  av-masonry-item-with-image av-grid-img' title=\"IMG_20180725_153244\" alt=\"\"    itemprop=\"thumbnailUrl\" ><div class='av-inner-masonry-sizer'><\/div><figure class='av-inner-masonry main_color'><div class=\"av-masonry-outerimage-container\"><div class='av-masonry-image-container' style=\"background-image: url(https:\/\/www.mysticpinesgolf.com\/wp-content\/uploads\/IMG_20180725_153244-529x705.jpg);\"  title=\"IMG_20180725_153244\" ><\/div><\/div><\/figure><\/a><!--end av-masonry entry--><a href=\"https:\/\/www.mysticpinesgolf.com\/wp-content\/uploads\/IMG_20180725_153304-1030x773.jpg\"  aria-label=\"image IMG_20180725_153304\"  id='av-masonry-1-item-2928' data-av-masonry-item='2928' class='av-masonry-entry isotope-item post-2928 attachment type-attachment status-inherit hentry  av-masonry-item-with-image av-grid-img' title=\"IMG_20180725_153304\" alt=\"\"    itemprop=\"thumbnailUrl\" ><div class='av-inner-masonry-sizer'><\/div><figure class='av-inner-masonry main_color'><div class=\"av-masonry-outerimage-container\"><div class='av-masonry-image-container' style=\"background-image: url(https:\/\/www.mysticpinesgolf.com\/wp-content\/uploads\/IMG_20180725_153304-705x529.jpg);\"  title=\"IMG_20180725_153304\" ><\/div><\/div><\/figure><\/a><!--end av-masonry entry--><a href=\"https:\/\/www.mysticpinesgolf.com\/wp-content\/uploads\/IMG_20180725_153215-773x1030.jpg\"  aria-label=\"image IMG_20180725_153215\"  id='av-masonry-1-item-2934' data-av-masonry-item='2934' class='av-masonry-entry isotope-item post-2934 attachment type-attachment status-inherit hentry  av-masonry-item-with-image av-grid-img' title=\"IMG_20180725_153215\" alt=\"\"    itemprop=\"thumbnailUrl\" ><div class='av-inner-masonry-sizer'><\/div><figure class='av-inner-masonry main_color'><div class=\"av-masonry-outerimage-container\"><div class='av-masonry-image-container' style=\"background-image: url(https:\/\/www.mysticpinesgolf.com\/wp-content\/uploads\/IMG_20180725_153215-529x705.jpg);\"  title=\"IMG_20180725_153215\" ><\/div><\/div><\/figure><\/a><!--end av-masonry entry--><a href=\"https:\/\/www.mysticpinesgolf.com\/wp-content\/uploads\/IMG_20180725_165634-1-1030x773.jpg\"  aria-label=\"image IMG_20180725_165634 (1)\"  id='av-masonry-1-item-2940' data-av-masonry-item='2940' class='av-masonry-entry isotope-item post-2940 attachment type-attachment status-inherit hentry  av-masonry-item-with-image av-grid-img' title=\"IMG_20180725_165634 (1)\" alt=\"\"    itemprop=\"thumbnailUrl\" ><div class='av-inner-masonry-sizer'><\/div><figure class='av-inner-masonry main_color'><div class=\"av-masonry-outerimage-container\"><div class='av-masonry-image-container' style=\"background-image: url(https:\/\/www.mysticpinesgolf.com\/wp-content\/uploads\/IMG_20180725_165634-1-705x529.jpg);\"  title=\"IMG_20180725_165634 (1)\" ><\/div><\/div><\/figure><\/a><!--end av-masonry entry--><a href=\"https:\/\/www.mysticpinesgolf.com\/wp-content\/uploads\/IMG_20180725_153110-1030x773.jpg\"  aria-label=\"image IMG_20180725_153110\"  id='av-masonry-1-item-2938' data-av-masonry-item='2938' class='av-masonry-entry isotope-item post-2938 attachment type-attachment status-inherit hentry  av-masonry-item-with-image av-grid-img' title=\"IMG_20180725_153110\" alt=\"\"    itemprop=\"thumbnailUrl\" ><div class='av-inner-masonry-sizer'><\/div><figure class='av-inner-masonry main_color'><div class=\"av-masonry-outerimage-container\"><div class='av-masonry-image-container' style=\"background-image: url(https:\/\/www.mysticpinesgolf.com\/wp-content\/uploads\/IMG_20180725_153110-705x529.jpg);\"  title=\"IMG_20180725_153110\" ><\/div><\/div><\/figure><\/a><!--end av-masonry entry--><\/div><\/div><\/div><\/p>\n","protected":false},"excerpt":{"rendered":"","protected":false},"author":2,"featured_media":0,"parent":0,"menu_order":0,"comment_status":"closed","ping_status":"closed","template":"","meta":{"footnotes":""},"class_list":["post-2450","page","type-page","status-publish","hentry"],"_links":{"self":[{"href":"https:\/\/www.mysticpinesgolf.com\/fr\/wp-json\/wp\/v2\/pages\/2450\/"}],"collection":[{"href":"https:\/\/www.mysticpinesgolf.com\/fr\/wp-json\/wp\/v2\/pages\/"}],"about":[{"href":"https:\/\/www.mysticpinesgolf.com\/fr\/wp-json\/wp\/v2\/types\/page\/"}],"author":[{"embeddable":true,"href":"https:\/\/www.mysticpinesgolf.com\/fr\/wp-json\/wp\/v2\/users\/2\/"}],"replies":[{"embeddable":true,"href":"https:\/\/www.mysticpinesgolf.com\/fr\/wp-json\/wp\/v2\/comments\/?post=2450"}],"version-history":[{"count":8,"href":"https:\/\/www.mysticpinesgolf.com\/fr\/wp-json\/wp\/v2\/pages\/2450\/revisions\/"}],"predecessor-version":[{"id":2960,"href":"https:\/\/www.mysticpinesgolf.com\/fr\/wp-json\/wp\/v2\/pages\/2450\/revisions\/2960\/"}],"wp:attachment":[{"href":"https:\/\/www.mysticpinesgolf.com\/fr\/wp-json\/wp\/v2\/media\/?parent=2450"}],"curies":[{"name":"wp","href":"https:\/\/api.w.org\/{rel}","templated":true}]}}